{"id":149,"date":"2013-02-15T14:34:05","date_gmt":"2013-02-15T05:34:05","guid":{"rendered":"http:\/\/studiokura.info\/en\/?page_id=149"},"modified":"2014-08-16T16:26:09","modified_gmt":"2014-08-16T07:26:09","slug":"peter-granser","status":"publish","type":"page","link":"https:\/\/studiokura.info\/en\/guestartists\/peter-granser\/","title":{"rendered":"Peter Granser"},"content":{"rendered":"<br \/>\n<h4>Peter Granser (Austria)&nbsp;&nbsp;&nbsp;Residency: May, 2013<\/h4>\n<p>Peter Granser is self-educated and was invited to the World Press Photo Masterclass in 2001. He was given the Arles Discovery Award and the Deutscher Sozialpreis in 2002, as well as the Oskar-Barnack Award in 2004. In 2006 Peter Granser was a stipendiary of the German Kunststiftung Baden-Wuerttemberg and was awarded the Helmut-Kraft-Foundation Talent Art Prize in 2011. His works have been exhibited internationally and are presented in public collections such as the Houston Museum of Fine Arts,USA, the Fundaci\u00f3n Ord\u00f3\u00f1ez-Falc\u00f3, Spain,  the ARTIUM Centro-Museo Vasco de Arte Contempor\u00e1neo, Vitoria-Gasteiz, Spain, the Fotomuseum Winterthur, Switzerland, the Alison and Peter Klein Collection, Germany and the Staatsgalerie Stuttgart, Graphische Sammlung, Germany.<\/p>\n<p><!--img src=\"http:\/\/studiokura.info\/wp-content\/uploads\/2013\/02\/JP-300x57.png\" alt=\"JP\" width=\"300\" height=\"57\" class=\"alignnone size-medium wp-image-354\" \/--><br \/>\n<img decoding=\"async\" src=\"http:\/\/studiokura.info\/wp-content\/uploads\/2013\/02\/EN-300x57.png\" alt=\"EN\" width=\"300\" height=\"57\" class=\"alignnone size-medium wp-image-355\" \/><br \/>\nPeter&#8217;s residency at Studio Kura is sponsored by Austrian Cultural Forum.<\/p>\n<ul>\n<p>During his stay, he organised several events. One was an artist talk at art space KONNYA locaed in FUKUOKA city. Another is giving a lecture and workshop at KYUSHU UNIVERSITY.<br \/>\nAt the end of his stay, he held the solo exhibition \u300cSchatten Felder\u300dto show pictures and video.<br \/>\nAlso He joined the TAIKYOKUKEN lessons on weekend with locals at Studio Kura.<\/p>\n<li>May 15th, 2013: Talk event &#8220;konya2023 talk vol.3&#8221; [<a href=\"http:\/\/studiokura.info\/en\/2013\/05\/konya2023-talk-3-peter-granser-werksvortrag\/\">announcement<\/a>] [<a href=\"http:\/\/studiokura.info\/en\/2013\/05\/report-peter-gransers-talk-at-konya2023\/\">report<\/a>]<\/li>\n<li>May 24th, 2013: Workshop at Kyushu University<\/li>\n<li>May 25th, 2013: His exhibition at Studio Kura Gallery opens [<a href=\"http:\/\/studiokura.info\/en\/2013\/05\/peter-gransers-exhibition-schattenfelder\/\">announcement<\/a>] [<a href=\"http:\/\/studiokura.info\/en\/2013\/06\/pictures-from-peter-gransers-solo-exhibition-schattenfelder\/\">report<\/a>]<\/li>\n<\/ul>\n<p>He published 5 books to date:<\/p>\n<ul>\n<li>2003: Sun City, Benteli, Switzerland<\/li>\n<li>2005: Alzheimer, Kehrer,Germany \/ La Fabrica, Spain<\/li>\n<li>2006: Coney Island, Hatje Cantz, Germany\/Galerie Mennour, France<\/li>\n<li>2008: SIGNS, Hatje Cantz, Germany \/ MoCP, USA<\/li>\n<li>2011: Peter Granser 2000-2007, Superlabo, Japan<\/li>\n<li>2012: Was einem Heimat war, Buecher &#038; Hefte, Germany (May 2012)<\/li>\n<li>2012: \u201eJ&#8217;ai perdu ma t\u00eate&#8221;, Kodoji, Switzerland (July 2012)<\/li>\n<\/ul>\n<h4>Peter Granser&#8217;s book <strong>Signs<\/strong><\/h4>\n<p><iframe src=\"http:\/\/player.vimeo.com\/video\/21615532\" width=\"500\" height=\"281\" frameborder=\"0\" webkitAllowFullScreen mozallowfullscreen allowFullScreen><\/iframe><\/p>\n<h4>Peter Granser&#8217;s project <strong>Heaven in Clouds<\/strong><\/h4>\n<p><img fetchpriority=\"high\" decoding=\"async\" src=\"http:\/\/studiokura.info\/wp-content\/uploads\/2013\/02\/2.jpg\" alt=\"2\" width=\"707\" height=\"500\" class=\"alignnone size-full wp-image-356\" \/><br \/>\n<img decoding=\"async\" src=\"http:\/\/studiokura.info\/wp-content\/uploads\/2013\/02\/3.jpg\" alt=\"3\" width=\"707\" height=\"500\" class=\"alignnone size-full wp-image-357\" \/><\/p>\n","protected":false},"excerpt":{"rendered":"<p>Peter Granser (Austria)&nbsp;&nbsp;&nbsp;Residency: May, 2013 Peter Granser is self-educated and was invited to the World Press Photo Masterclass in 2001. He was [&hellip;]<\/p>\n","protected":false},"author":1,"featured_media":0,"parent":19,"menu_order":0,"comment_status":"closed","ping_status":"closed","template":"","meta":{"ngg_post_thumbnail":0,"footnotes":""},"class_list":["post-149","page","type-page","status-publish","hentry"],"aioseo_notices":[],"_links":{"self":[{"href":"https:\/\/studiokura.info\/en\/wp-json\/wp\/v2\/pages\/149","targetHints":{"allow":["GET"]}}],"collection":[{"href":"https:\/\/studiokura.info\/en\/wp-json\/wp\/v2\/pages"}],"about":[{"href":"https:\/\/studiokura.info\/en\/wp-json\/wp\/v2\/types\/page"}],"author":[{"embeddable":true,"href":"https:\/\/studiokura.info\/en\/wp-json\/wp\/v2\/users\/1"}],"replies":[{"embeddable":true,"href":"https:\/\/studiokura.info\/en\/wp-json\/wp\/v2\/comments?post=149"}],"version-history":[{"count":9,"href":"https:\/\/studiokura.info\/en\/wp-json\/wp\/v2\/pages\/149\/revisions"}],"predecessor-version":[{"id":1488,"href":"https:\/\/studiokura.info\/en\/wp-json\/wp\/v2\/pages\/149\/revisions\/1488"}],"up":[{"embeddable":true,"href":"https:\/\/studiokura.info\/en\/wp-json\/wp\/v2\/pages\/19"}],"wp:attachment":[{"href":"https:\/\/studiokura.info\/en\/wp-json\/wp\/v2\/media?parent=149"}],"curies":[{"name":"wp","href":"https:\/\/api.w.org\/{rel}","templated":true}]}}